{"id":75,"date":"2021-08-15T09:05:14","date_gmt":"2021-08-15T07:05:14","guid":{"rendered":"https:\/\/iefdessavoie.fr\/?page_id=75"},"modified":"2021-08-15T09:05:14","modified_gmt":"2021-08-15T07:05:14","slug":"bibliographie","status":"publish","type":"page","link":"https:\/\/iefdessavoie.fr\/index.php\/bibliographie\/","title":{"rendered":"Bibliographie"},"content":{"rendered":"\n<h2 class=\"wp-block-heading\"><strong>Livres sur l\u2019IEF :<\/strong><\/h2>\n\n\n\n<p><strong>Aldort<\/strong><strong>Naomie,<\/strong> Eduquer ses enfants, s\u2019\u00e9duquer soi-m\u00eame (2008) (<em>Raising our children, raising ourselves 2006)<\/em><strong>Baker Catherine<\/strong>, Insoumission \u00e0 l\u2019\u00e9cole obligatoire (2008) <em>(1<\/em><em><sup>\u00e8re<\/sup><\/em><em> parution 1985)<\/em><strong>Bergeron L\u00e9andre<\/strong>, Comme des invit\u00e9s de marque (2014) <strong>Billon Marion<\/strong>, l\u2019instruction en famille pourquoi pas nous (2020), format kindle <strong>Brabant Christine<\/strong>, L\u2019\u00e9cole \u00e0 la maison au Qu\u00e9bec : Un projet familial, social et d\u00e9mocratique (2014)&nbsp; <strong>D. Wiedemann R\u00e9my Et C\u00e9cile<\/strong>, L\u2019Ecole \u00e0 la Maison, le Guide *** (2016, r\u00e9\u00e9dit\u00e9 en 2019) <strong>Dien Charlotte<\/strong>, Instruire en famille (2013) <strong>Dorance Sylvia<\/strong>, D\u00e9marrer l\u2019\u00e9cole \u00e0 la maison : p\u00e9dagogie et organisation (2009 version PDF \u2013 Ecole Vivante) <strong>Gray Peter<\/strong>, Libre pour apprendre (2016) <em>(Free to learn 2013)<\/em><strong>Guigue Mich\u00e8le \/Sirmons R\u00e9becca<\/strong>, L\u2019instruction en famille (2015) <strong>Holt John<\/strong>, Apprendre sans \u00e9cole (2012) <em>(Instead of education 1976)<\/em><strong>Holt John<\/strong>, Les apprentissages autonomes (2014) <em>(Learning All the Time 1989)<\/em><strong>Illich Ivan<\/strong>, Une soci\u00e9t\u00e9 sans \u00e9cole (1971) <strong>Koscinski Doriane et De Oliveira Anne<\/strong>, Enqu\u00eate de la mairie, lorsque les enfants s\u2019instruisent hors \u00e9cole \u2013 Petit guide de survie \u00e0 l\u2019usage des professionnels et des familles (2015) <strong>Laricchia Pam<\/strong>, Libre d\u2019apprendre (2014) <strong>Lefebvre Murielle<\/strong>, 365 jours d\u2019\u00e9cole \u00e0 la maison: R\u00e9ussir l\u2019instruction de vos enfants sans \u00e9cole ! (2013) <strong>Lise Isa<\/strong>, L\u2019\u00e9cole \u00e0 la maison \u2013 Apprendre autrement (2016) <strong>Lise Isa<\/strong>, Faire l\u2019\u00e9cole \u00e0 la maison. Conna\u00eetre le cadre l\u00e9gal, les outils disponibles et l\u2019organisation \u00e0 mettre en place \u00e0 la maison (2017) <strong>Martin-Rodriguez Sylvie<\/strong>, 10 Plus Gros Mensonges Sur l\u2019Ecole \u00e0 la Maison (2008) <strong>Pardo Thierry<\/strong>, Une \u00e9ducation sans \u00e9cole (2015) Plavis Melissa, Apprendre par soi-m\u00eame, avec les autres, dans le monde. L\u2019exp\u00e9rience du unschooling (2017) <strong>Renau Claudia<\/strong>, L\u2019Apprentissage informel expliqu\u00e9 \u00e0 mon inspecteur (2012) <strong>Stern<\/strong><strong>Andr\u00e9,<\/strong> \u2026Et je ne suis jamais all\u00e9 \u00e0 l\u2019\u00e9cole (2011) <strong>Stern Andr\u00e9<\/strong>, Semeurs d\u2019enthousiasme, manifeste pour une \u00e9cologie de l\u2019enfance (2014) <strong>Taounhaer<\/strong><strong>Pooky,<\/strong> Pourquoi il ne va pas \u00e0 l\u2019\u00e9cole ? : 71 arguments pour d\u00e9fendre l\u2019Instruction En Famille (2016 Format Kindle) <strong>Thomas Alan et Pattisson Harriet<\/strong>, A l\u2019\u00e9cole de la vie (2013) <em>(How children learn at home 2008)<\/em><\/p>\n\n\n\n<h2 class=\"wp-block-heading\"><strong>Livres sur les apprentissages :<\/strong><\/h2>\n\n\n\n<p><strong>Akoun Audrey \/ Pailleau Isabelle<\/strong>, Apprendre Autrement avec la P\u00e9dagogie Positive \u2013 A la maison et \u00e0 l\u2019\u00e9cole, (re)donnez \u00e0 vos enfants le go\u00fbt d\u2019apprendre (2013) <\/p>\n\n\n\n<p><strong>Alvarez C\u00e9line<\/strong>, Les lois naturelles de l\u2019enfant (2016) <\/p>\n\n\n\n<p><strong>Bouquet-Rabhi Sophie,<\/strong> La ferme des enfants : Une p\u00e9dagogie de la bienveillance (2011) <\/p>\n\n\n\n<p><strong>Collot Bernard<\/strong>, L\u2019\u00e9cole du 3e type, Explorer un autre paradigme avec les enfants (2017) <\/p>\n\n\n\n<p><strong>Collot Bernard<\/strong>, Chroniques d\u2019une Ecole du Troisi\u00e8me Type (2013)<\/p>\n\n\n\n<p> <strong>Collot Bernard<\/strong>, La p\u00e9dagogie de la mouche (2013) <\/p>\n\n\n\n<p><strong>Holt John<\/strong>, S\u2019\u00e9vader de l\u2019enfance \u2013 Les besoins et les droits des enfants (2013) (<em>Escape from Childhood 1974)<\/em><\/p>\n\n\n\n<p><strong>Deny Madeleine<\/strong>, Le grand guide des p\u00e9dagogies alternatives : + de 140 activit\u00e9s de 0 \u00e0 12 ans (2017) <\/p>\n\n\n\n<p><strong>Gervais Marie<\/strong>, La famille buissonni\u00e8re (2016) <\/p>\n\n\n\n<p><strong>Gervais Marie<\/strong>, Lib\u00e9rons la cr\u00e9ativit\u00e9 de nos enfants (2013) <\/p>\n\n\n\n<p><strong>Dom\u00e8nech Francesch Joan<\/strong>, Eloge de l\u2019\u00e9ducation lente (2011) <\/p>\n\n\n\n<p><strong>Gumbel Peter<\/strong>, Ces \u00e9coles pas comme les autres. \u00c0 la rencontre des dissidents de l\u2019\u00e9ducation (2015) <\/p>\n\n\n\n<p><strong>Lepri Jean-Pierre<\/strong>, La fin de l\u2019\u00e9ducation ? : Commencements\u2026 (2016) <\/p>\n\n\n\n<p><strong>Lepri Jean-Pierre<\/strong>, Education\u00a0\u00bb authentique : Pourquoi ? (2017) <\/p>\n\n\n\n<p><strong>Liedloff Jean<\/strong>, Le concept du continuum \u2013 La recherche du bonheur perdu (2006) <\/p>\n\n\n\n<p><strong>NEILL Alexander S.<\/strong>, Libres enfants de Summerhill (2004) (<em>Summerhill School : A New View of Childhood 1960<\/em>) <\/p>\n\n\n\n<p><strong>Peloux Isabelle \/ Lamy Anne<\/strong>, L\u2019Ecole du Colibri. La P\u00e9dagogie de la coop\u00e9ration (2014) <\/p>\n\n\n\n<p><strong>Querrien Anne<\/strong>, L\u2019Ecole mutuelle. Une p\u00e9dagogie trop efficace ? (2005) <\/p>\n\n\n\n<p><strong>Rosenberg Marshall<\/strong>, Enseigner avec bienveillance : Instaurer une entente mutuelle entre \u00e9l\u00e8ves et enseignants (2006) <\/p>\n\n\n\n<p><strong>Verdiani Antonella<\/strong>, Ces \u00e9coles qui rendent nos enfants heureux : Exp\u00e9riences et m\u00e9thodes pour \u00e9duquer \u00e0 la joie (2012) \u00a0 \u00a0 \u00a0<\/p>\n\n\n\n<h2 class=\"wp-block-heading\"><strong>Albums pour les enfants :<\/strong><\/h2>\n\n\n\n<p><strong>Denizot B\u00e9n\u00e9dicte<\/strong>, Comment fait-on pour apprendre ? : d\u2019apr\u00e8s les travaux d\u2019Antoine de la Garanderie (2005) <\/p>\n\n\n\n<p><strong>Bean Jonathan<\/strong>, L\u2019\u00e9cole \u00e0 la maison (2016) <em>(This is my home, this is my school 2015)<\/em><\/p>\n\n\n\n<p><strong>Dumonteil-Kremer Catherine<\/strong>, Agathe apprend \u00e0 chaque instant (2014)<\/p>\n\n\n\n<h2 class=\"wp-block-heading\" id=\"magicdomid165\"><strong>Films\/documentaires :<\/strong><\/h2>\n\n\n\n<p><strong>Sur l\u2019IEF :<\/strong><br><strong>Captain Fantastic<\/strong> (2016), Matt Ross<br><strong>Etre et devenir<\/strong> (2013), Clara Bellar<br><strong>Grandir sans \u00e9ducation<\/strong> (2015), D\u00e9irdre Bergeron<br><strong>Sans espoir avec conviction<\/strong> (2008), L\u00e9andre Bergeron<\/p>\n\n\n\n<p><strong>Uniques \u2013 le film sur l\u2019ief<\/strong>, (2020), H\u00e9l\u00e8ne Douay, (documentaire avec le t\u00e9moignage de 13 familles en IEF)<\/p>\n\n\n\n<h4 class=\"wp-block-heading\"><strong>Sur les apprentissages :<\/strong><br><strong>Alphabet<\/strong> (2014), Erwin Wagenhofer (documentaire qui questionne sur le syst\u00e8me \u00e9ducatif dans les pays occidentaux et les alternatives possibles)<br><strong>C\u2019est d\u2019apprendre qui est sacr\u00e9<\/strong> (2016), Delphine Pinson (documentaire sur la mise en place de la p\u00e9dagogie Freinet dans une classe)<br><strong>Ce n\u2019est qu\u2019un d\u00e9but<\/strong> (2011), Jean-Pierre Pozzi et Pierre Barougier&nbsp; (documentaire sur des s\u00e9ances de philo avec des enfants de 4 ans)<br><strong>Demain<\/strong> (2015), Cyril Dion (documentaire qui pr\u00e9sente, dans sa 5<sup>\u00e8me<\/sup> partie, les solutions mises en place pour favoriser les apprentissages dans une \u00e9cole en Su\u00e8de)<br><strong>Ecole en vie<\/strong> (2016), Mathilde Syre (documentaire sur les p\u00e9dagogies actives au sein de trois classes)<\/h4>\n\n\n\n<h4 class=\"wp-block-heading\"><strong>Etre plut\u00f4t qu\u2019avoir ?<\/strong> A l\u2019\u00e9cole autrement\u2026 (2017), Agn\u00e8s Fouilleux (documentaire qui pr\u00e9sente plusieurs \u00e9coles aves des p\u00e9dagogies alternatives dont une forest school)<br><strong>L\u2019\u00e9cole buissonni\u00e8re<\/strong> (1949), Jean-Paul Le Chanois (film sur les d\u00e9buts de la p\u00e9dagogie de C\u00e9lestin Freinet \u2013 visible sur Youtube)<br><strong>Le grand jour<\/strong> (2015), Pascal Plisson<br><strong>Le ma\u00eetre est l\u2019enfant <\/strong>(2017), Alexandre Mourot (documentaire sur la p\u00e9dagogie Montessori dans une classe)<br><strong>Les enfants de Summerhill<\/strong> (1997), Bernard Kleindienst (documentaire sur ce que sont devenus les enfants issus de l\u2019\u00e9cole de Summerhill \u2013 visible sur Youtube)<br><strong>Maria Montessori une vie au service des enfants<\/strong> (2007), Gianluca Maria Tavarelli (film sur la vie de Maria Montessori \u2013 visible sur Youtube mais en italien))<br><strong>Quels enfants laisserons-nous \u00e0 la plan\u00e8te<\/strong> (2010), Anne Barth (documentaire \u00e0 l\u2019\u00e9cole du Colibri aux Amanins \u2013une version \u00ab tr\u00e8s \u00bb longue de 4h est visible sur Youtube)<br><strong>Sur le chemin de l\u2019\u00e9cole<\/strong> (2013), Pascal Plisson<br><strong>Un autre chemin pour l\u2019\u00e9cole<\/strong> (2003), Guy Beauch\u00e9 (documentaire avec t\u00e9moignages sur la p\u00e9dagogie Steiner \u2013 visible sur Youtube)<br><strong>Une id\u00e9e folle<\/strong> (2017), Judith Grumbach (documentaire sur le r\u00f4le de l\u2019\u00e9cole au XXI<sup>\u00e8me<\/sup> si\u00e8cle)<\/h4>\n","protected":false},"excerpt":{"rendered":"<p>Livres sur l\u2019IEF : AldortNaomie, Eduquer ses enfants, s\u2019\u00e9duquer soi-m\u00eame (2008) (Raising our children, raising ourselves 2006)Baker Catherine, Insoumission \u00e0 l\u2019\u00e9cole obligatoire (2008) (1\u00e8re parution 1985)Bergeron L\u00e9andre, Comme des invit\u00e9s de marque (2014) Billon Marion, l\u2019instruction en famille pourquoi pas nous (2020), format kindle Brabant Christine, L\u2019\u00e9cole \u00e0 la maison au Qu\u00e9bec : Un projet&#8230;<\/p>\n","protected":false},"author":2,"featured_media":0,"parent":0,"menu_order":0,"comment_status":"closed","ping_status":"closed","template":"nosidebar.php","meta":{"footnotes":""},"class_list":["post-75","page","type-page","status-publish","hentry"],"jetpack_sharing_enabled":true,"_links":{"self":[{"href":"https:\/\/iefdessavoie.fr\/index.php\/wp-json\/wp\/v2\/pages\/75","targetHints":{"allow":["GET"]}}],"collection":[{"href":"https:\/\/iefdessavoie.fr\/index.php\/wp-json\/wp\/v2\/pages"}],"about":[{"href":"https:\/\/iefdessavoie.fr\/index.php\/wp-json\/wp\/v2\/types\/page"}],"author":[{"embeddable":true,"href":"https:\/\/iefdessavoie.fr\/index.php\/wp-json\/wp\/v2\/users\/2"}],"replies":[{"embeddable":true,"href":"https:\/\/iefdessavoie.fr\/index.php\/wp-json\/wp\/v2\/comments?post=75"}],"version-history":[{"count":0,"href":"https:\/\/iefdessavoie.fr\/index.php\/wp-json\/wp\/v2\/pages\/75\/revisions"}],"wp:attachment":[{"href":"https:\/\/iefdessavoie.fr\/index.php\/wp-json\/wp\/v2\/media?parent=75"}],"curies":[{"name":"wp","href":"https:\/\/api.w.org\/{rel}","templated":true}]}}