{"id":72,"date":"2021-08-15T09:03:54","date_gmt":"2021-08-15T07:03:54","guid":{"rendered":"https:\/\/iefdessavoie.fr\/?page_id=72"},"modified":"2021-08-15T09:03:54","modified_gmt":"2021-08-15T07:03:54","slug":"associations-nationales","status":"publish","type":"page","link":"https:\/\/iefdessavoie.fr\/index.php\/associations-nationales\/","title":{"rendered":"Associations nationales"},"content":{"rendered":"\n<p>Plusieurs associations d\u00e9fendent l\u2019instruction en famille. N\u2019h\u00e9sitez pas \u00e0 les d\u00e9couvrir et les contacter.<\/p>\n\n\n\n<p><a rel=\"noreferrer noopener\" href=\"https:\/\/instructionenfamille.org\/\" target=\"_blank\">https:\/\/instructionenfamille.org\/<\/a><\/p>\n\n\n\n<p>&#8211; <a href=\"https:\/\/www.liberteeducation.com\/\" target=\"_blank\" rel=\"noreferrer noopener\">Libert\u00e9 \u00e9ducation<\/a><\/p>\n\n\n\n<p>\u2013 <a href=\"https:\/\/www.lesenfantsdabord.org\/\" target=\"_blank\" rel=\"noreferrer noopener\">LED<\/a><a rel=\"noreferrer noopener\" href=\"http:\/\/www.lesenfantsdabord.org\/\" target=\"_blank\">\u2019<\/a><a rel=\"noreferrer noopener\" href=\"https:\/\/web.archive.org\/web\/20200903224840\/http:\/\/www.lesenfantsdabord.org\/\" target=\"_blank\">A<\/a> : Les Enfants D\u2019Abord <\/p>\n\n\n\n<p>\u2013 <a href=\"http:\/\/cise.fr\/\" target=\"_blank\" rel=\"noreferrer noopener\">CISE<\/a> : Choisir d\u2019Instruire Son Enfant <\/p>\n\n\n\n<p>\u2013 <a href=\"https:\/\/laia-asso.fr\/\" target=\"_blank\" rel=\"noreferrer noopener\">LAIA<\/a> : Libres d\u2019Apprendre et d\u2018Instruire Autrement <\/p>\n\n\n\n<p>\u2013 <a href=\"http:\/\/www.collectief.fr\/\" target=\"_blank\" rel=\"noreferrer noopener\">C\u2019IEF<\/a> : Collectif\u2019IEF <\/p>\n\n\n\n<p>\u2013 <a href=\"https:\/\/association-unie.fr\/\" target=\"_blank\" rel=\"noreferrer noopener\">UNIE<\/a> : Union Nationale pour l\u2019Instruction et l\u2019\u00c9panouissement <\/p>\n\n\n\n<p>\u2013 <a href=\"https:\/\/federation-felicia.org\/\" target=\"_blank\" rel=\"noreferrer noopener\">FELICIA<\/a> : F\u00e9d\u00e9ration pour la Libert\u00e9 du Choix de l\u2019Instruction et des Apprentissages<\/p>\n","protected":false},"excerpt":{"rendered":"<p>Plusieurs associations d\u00e9fendent l\u2019instruction en famille. N\u2019h\u00e9sitez pas \u00e0 les d\u00e9couvrir et les contacter. https:\/\/instructionenfamille.org\/ &#8211; Libert\u00e9 \u00e9ducation \u2013 LED\u2019A : Les Enfants D\u2019Abord \u2013 CISE : Choisir d\u2019Instruire Son Enfant \u2013 LAIA : Libres d\u2019Apprendre et d\u2018Instruire Autrement \u2013 C\u2019IEF : Collectif\u2019IEF \u2013 UNIE : Union Nationale pour l\u2019Instruction et l\u2019\u00c9panouissement \u2013 FELICIA :&#8230;<\/p>\n","protected":false},"author":2,"featured_media":0,"parent":0,"menu_order":0,"comment_status":"closed","ping_status":"closed","template":"nosidebar.php","meta":{"footnotes":""},"class_list":["post-72","page","type-page","status-publish","hentry"],"jetpack_sharing_enabled":true,"_links":{"self":[{"href":"https:\/\/iefdessavoie.fr\/index.php\/wp-json\/wp\/v2\/pages\/72","targetHints":{"allow":["GET"]}}],"collection":[{"href":"https:\/\/iefdessavoie.fr\/index.php\/wp-json\/wp\/v2\/pages"}],"about":[{"href":"https:\/\/iefdessavoie.fr\/index.php\/wp-json\/wp\/v2\/types\/page"}],"author":[{"embeddable":true,"href":"https:\/\/iefdessavoie.fr\/index.php\/wp-json\/wp\/v2\/users\/2"}],"replies":[{"embeddable":true,"href":"https:\/\/iefdessavoie.fr\/index.php\/wp-json\/wp\/v2\/comments?post=72"}],"version-history":[{"count":0,"href":"https:\/\/iefdessavoie.fr\/index.php\/wp-json\/wp\/v2\/pages\/72\/revisions"}],"wp:attachment":[{"href":"https:\/\/iefdessavoie.fr\/index.php\/wp-json\/wp\/v2\/media?parent=72"}],"curies":[{"name":"wp","href":"https:\/\/api.w.org\/{rel}","templated":true}]}}