{"id":452,"date":"2023-07-26T22:24:39","date_gmt":"2023-07-26T20:24:39","guid":{"rendered":"https:\/\/iefdessavoie.fr\/?page_id=452"},"modified":"2023-07-26T22:24:39","modified_gmt":"2023-07-26T20:24:39","slug":"brevet-des-colleges","status":"publish","type":"page","link":"https:\/\/iefdessavoie.fr\/index.php\/brevet-des-colleges\/","title":{"rendered":"Brevet des coll\u00e8ges"},"content":{"rendered":"\n<p>Le Brevet des coll\u00e8ges (DNB) est l&rsquo;examen de fin de 3e qui vient attester du niveau que le coll\u00e9gien a acquis au bout de quatre ans. Non obligatoire, cet examen est essentiellement une prop\u00e9deutique au baccalaur\u00e9at. Il permet \u00e0 l&rsquo;\u00e9l\u00e8ve d&rsquo;acqu\u00e9rir de l&rsquo;exp\u00e9rience et de l&rsquo;aisance en situation d&rsquo;examen. Le candidat libre passe les m\u00eames \u00e9preuves que les candidats scolaris\u00e9s, et une \u00e9preuve suppl\u00e9mentaire de langue. Ainsi les candidats libres passent les \u00e9preuves suivantes :<\/p>\n\n\n\n<p>&#8211; fran\u00e7ais<br>&#8211; math\u00e9matiques<br>&#8211; histoire-g\u00e9ographie et enseignement moral et civique<br>&#8211; sciences et vie de la terre, physique-chimie et technologie. Les sujets portent sur deux mati\u00e8res sur trois.<br>&#8211; langue vivante (pr\u00e9cisez laquelle vous choisissez parmi celles qui sont disponibles dans votre acad\u00e9mie lors de l&rsquo;inscription). <\/p>\n\n\n\n<p>Les candidats libres s&rsquo;inscrivent sur le site du rectorat de leur acad\u00e9mie : <a rel=\"noreferrer noopener\" href=\"https:\/\/www1.ac-grenoble.fr\/article\/diplome-national-du-brevet-dnb-121679\" target=\"_blank\">cliquez ici<\/a> pour Grenoble et <a rel=\"noreferrer noopener\" href=\"https:\/\/www.ac-lyon.fr\/le-diplome-national-du-brevet-121467\" target=\"_blank\">ici<\/a> pour Lyon. <\/p>\n\n\n\n<p>Plus d&rsquo;informations sur les \u00e9preuves et le syst\u00e8me de notation <a rel=\"noreferrer noopener\" href=\"https:\/\/www.education.gouv.fr\/le-diplome-national-du-brevet-10613\" target=\"_blank\">ici<\/a>. <\/p>\n\n\n\n<p>Quelques liens utiles pour acc\u00e9der \u00e0 :<\/p>\n\n\n\n<p>&#8211; une <a rel=\"noreferrer noopener\" href=\"https:\/\/eduscol.education.fr\/711\/preparer-le-dnb-avec-les-sujets-des-annales\" target=\"_blank\">grande quantit\u00e9 d&rsquo;annales en libre acc\u00e8s<\/a><br>&#8211; des <a rel=\"noreferrer noopener\" href=\"https:\/\/www.apmep.fr\/Annales-du-Brevet-des-colleges\" target=\"_blank\">annales de math\u00e9matiques <\/a>sur le site de l&rsquo;Association des Professeurs de Math\u00e9matiques de l&rsquo;Enseignement Public (avec correction). <br>&#8211; des <a rel=\"noreferrer noopener\" href=\"https:\/\/gallica.bnf.fr\/blog\/18012018\/150-epub-gallica-selectionnes-par-le-ministere-de-leducation-nationale?mode=desktop\" target=\"_blank\">\u0153uvres litt\u00e9raires<\/a> \u00e0 t\u00e9l\u00e9charger en acc\u00e8s libre sur le site de la Biblioth\u00e8que Nationale de France <br>&#8211; de nombreuses images num\u00e9ris\u00e9es par la Biblioth\u00e8que Nationale de France pour <a rel=\"noreferrer noopener\" href=\"https:\/\/gallica.bnf.fr\/html\/und\/images\/lhistoire-de-france-par-limage?mode=desktop\" target=\"_blank\">raconter l&rsquo;histoire de France <\/a> autrement<br>&#8211; des <a rel=\"noreferrer noopener\" href=\"https:\/\/eprofs.fr\/correction-sujet-de-brevet\/\" target=\"_blank\">corrig\u00e9s <\/a>d&rsquo;\u00e9preuves de physique-chimie et <a rel=\"noreferrer noopener\" href=\"https:\/\/www.udppc.asso.fr\/media\/cache\/document\/202211117_dnb.pdf\" target=\"_blank\">des annales<\/a><br>&#8211; des <a rel=\"noreferrer noopener\" href=\"https:\/\/www.aphg.fr\/IMG\/pdf\/aphg_tableau-_colle_ge__docx_1_.pdf\" target=\"_blank\">ressources <\/a>class\u00e9es par niveaux pour travailler l&rsquo;histoire et la g\u00e9ographie  <br>&#8211; et des <a rel=\"noreferrer noopener\" href=\"https:\/\/www.apbg.org\/ressources-college\/#tab-253043\" target=\"_blank\">ressources<\/a> en <a rel=\"noreferrer noopener\" href=\"https:\/\/eduscol.education.fr\/293\/sciences-de-la-vie-et-de-la-terre-cycle-4\" target=\"_blank\">SVT<\/a> <\/p>\n","protected":false},"excerpt":{"rendered":"<p>Le Brevet des coll\u00e8ges (DNB) est l&rsquo;examen de fin de 3e qui vient attester du niveau que le coll\u00e9gien a acquis au bout de quatre ans. Non obligatoire, cet examen est essentiellement une prop\u00e9deutique au baccalaur\u00e9at. Il permet \u00e0 l&rsquo;\u00e9l\u00e8ve d&rsquo;acqu\u00e9rir de l&rsquo;exp\u00e9rience et de l&rsquo;aisance en situation d&rsquo;examen. Le candidat libre passe les m\u00eames&#8230;<\/p>\n","protected":false},"author":4,"featured_media":0,"parent":0,"menu_order":0,"comment_status":"closed","ping_status":"closed","template":"","meta":{"footnotes":""},"class_list":["post-452","page","type-page","status-publish","hentry"],"jetpack_sharing_enabled":true,"_links":{"self":[{"href":"https:\/\/iefdessavoie.fr\/index.php\/wp-json\/wp\/v2\/pages\/452","targetHints":{"allow":["GET"]}}],"collection":[{"href":"https:\/\/iefdessavoie.fr\/index.php\/wp-json\/wp\/v2\/pages"}],"about":[{"href":"https:\/\/iefdessavoie.fr\/index.php\/wp-json\/wp\/v2\/types\/page"}],"author":[{"embeddable":true,"href":"https:\/\/iefdessavoie.fr\/index.php\/wp-json\/wp\/v2\/users\/4"}],"replies":[{"embeddable":true,"href":"https:\/\/iefdessavoie.fr\/index.php\/wp-json\/wp\/v2\/comments?post=452"}],"version-history":[{"count":0,"href":"https:\/\/iefdessavoie.fr\/index.php\/wp-json\/wp\/v2\/pages\/452\/revisions"}],"wp:attachment":[{"href":"https:\/\/iefdessavoie.fr\/index.php\/wp-json\/wp\/v2\/media?parent=452"}],"curies":[{"name":"wp","href":"https:\/\/api.w.org\/{rel}","templated":true}]}}