{"id":450,"date":"2023-07-21T17:10:36","date_gmt":"2023-07-21T15:10:36","guid":{"rendered":"https:\/\/iefdessavoie.fr\/?page_id=450"},"modified":"2023-07-21T17:10:36","modified_gmt":"2023-07-21T15:10:36","slug":"pix-certification-numerique","status":"publish","type":"page","link":"https:\/\/iefdessavoie.fr\/index.php\/pix-certification-numerique\/","title":{"rendered":"Pix, certification num\u00e9rique"},"content":{"rendered":"\n<p>Pix est une certification de comp\u00e9tences num\u00e9riques mise en place depuis 2018 et qui se g\u00e9n\u00e9ralise au coll\u00e8ge, au lyc\u00e9e et dans l&rsquo;enseignement sup\u00e9rieur. <\/p>\n\n\n\n<p>Elle n&rsquo;est pas obligatoire pour les enfants en IEF, mais c&rsquo;est un support int\u00e9ressant pour les sensibiliser intelligemment \u00e0 l&#8217;emploi du plein potentiel des outils num\u00e9riques. Les \u00e9l\u00e8ves scolaris\u00e9s doivent la passer en 3e et en Terminale. Cependant, il n&rsquo;y a pas d&rsquo;\u00e2ge pour s&rsquo;inscrire et les adultes sont aussi concern\u00e9s. Si votre enfant en IEF d\u00e9sire rentrer au lyc\u00e9e, l&rsquo;\u00e9tablissement vous fera savoir s&rsquo;il en a besoin pour s&rsquo;inscrire.<\/p>\n\n\n\n<p><a rel=\"noreferrer noopener\" href=\"https:\/\/pix.fr\/\" target=\"_blank\">Pix.fr<\/a> est un site internet sur lequel tout le monde peut cr\u00e9er un compte pour apprendre \u00e0 ma\u00eetriser 16 comp\u00e9tences num\u00e9riques (parmi lesquelles \u00ab\u00a0programmer\u00a0\u00bb, \u00ab\u00a0mener une recherche et une veille d&rsquo;information\u00a0\u00bb, \u00ab\u00a0s\u00e9curiser l&rsquo;environnement num\u00e9rique\u00a0\u00bb, etc.) et tester ses comp\u00e9tences. Pix fonctionne sur le mode de l&rsquo;auto-apprentissage ludique : quelques tutoriels sont propos\u00e9s \u00e0 chaque pallier de comp\u00e9tences et les tests sont de vrais travaux pratiques. \u00c0 vous de comprendre les tutoriels et de faire des recherches suppl\u00e9mentaires avant de vous tester. <\/p>\n\n\n\n<p>Chaque comp\u00e9tence est d\u00e9coup\u00e9e en niveaux de ma\u00eetrise. Il y en a 6 pour le moment et 8 sont pr\u00e9vus \u00e0 terme. Pour passer une certification, il faut avoir au moins le niveau 1 dans 5 comp\u00e9tences. L&rsquo;apprentissage est auto-rythm\u00e9. <\/p>\n\n\n\n<p>Lorsque vous passez une certification, vous \u00eates \u00e9valu\u00e9 au niveau que vous avez atteint sur le site : du sur-mesure. Il est donc inutile de passer un apr\u00e8s-midi entier \u00e0 monter de niveau une comp\u00e9tence sans rien retenir de ce que vous avez appris ! N&rsquo;h\u00e9sitez pas \u00e0 r\u00e9viser les tutos, \u00e0 prendre des notes, et prenez le temps de bien assimiler les notions si vous vous pr\u00e9parez \u00e0 une certification.  <\/p>\n\n\n\n<p>Les certifications se passent dans des <a rel=\"noreferrer noopener\" href=\"https:\/\/pix.fr\/trouver-une-session\/\" target=\"_blank\">centres agr\u00e9es<\/a>, mais il existe quelques options de passage \u00e0 distance que vous trouverez <a rel=\"noreferrer noopener\" href=\"https:\/\/support.pix.org\/fr\/support\/solutions\/articles\/15000039385-puis-je-passer-la-certification-pix-%C3%A0-distance-\" target=\"_blank\">ici<\/a>. Elles sont reconnues dans le monde professionnel. <\/p>\n\n\n\n<p>Si vous avez des questions sur Pix, <a rel=\"noreferrer noopener\" href=\"https:\/\/support.pix.org\/fr\/support\/home\" target=\"_blank\">cliquez ici<\/a>. Sur l&rsquo;enseignement des comp\u00e9tences num\u00e9riques, <a href=\"https:\/\/eduscol.education.fr\/721\/evaluer-et-certifier-les-competences-numeriques\" target=\"_blank\" rel=\"noreferrer noopener\">cliquez ici<\/a>. <\/p>\n\n\n\n<p><\/p>\n","protected":false},"excerpt":{"rendered":"<p>Pix est une certification de comp\u00e9tences num\u00e9riques mise en place depuis 2018 et qui se g\u00e9n\u00e9ralise au coll\u00e8ge, au lyc\u00e9e et dans l&rsquo;enseignement sup\u00e9rieur. Elle n&rsquo;est pas obligatoire pour les enfants en IEF, mais c&rsquo;est un support int\u00e9ressant pour les sensibiliser intelligemment \u00e0 l&#8217;emploi du plein potentiel des outils num\u00e9riques. Les \u00e9l\u00e8ves scolaris\u00e9s doivent la&#8230;<\/p>\n","protected":false},"author":4,"featured_media":0,"parent":0,"menu_order":0,"comment_status":"closed","ping_status":"closed","template":"","meta":{"footnotes":""},"class_list":["post-450","page","type-page","status-publish","hentry"],"jetpack_sharing_enabled":true,"_links":{"self":[{"href":"https:\/\/iefdessavoie.fr\/index.php\/wp-json\/wp\/v2\/pages\/450","targetHints":{"allow":["GET"]}}],"collection":[{"href":"https:\/\/iefdessavoie.fr\/index.php\/wp-json\/wp\/v2\/pages"}],"about":[{"href":"https:\/\/iefdessavoie.fr\/index.php\/wp-json\/wp\/v2\/types\/page"}],"author":[{"embeddable":true,"href":"https:\/\/iefdessavoie.fr\/index.php\/wp-json\/wp\/v2\/users\/4"}],"replies":[{"embeddable":true,"href":"https:\/\/iefdessavoie.fr\/index.php\/wp-json\/wp\/v2\/comments?post=450"}],"version-history":[{"count":0,"href":"https:\/\/iefdessavoie.fr\/index.php\/wp-json\/wp\/v2\/pages\/450\/revisions"}],"wp:attachment":[{"href":"https:\/\/iefdessavoie.fr\/index.php\/wp-json\/wp\/v2\/media?parent=450"}],"curies":[{"name":"wp","href":"https:\/\/api.w.org\/{rel}","templated":true}]}}