{"id":426,"date":"2023-07-26T23:14:24","date_gmt":"2023-07-26T21:14:24","guid":{"rendered":"https:\/\/iefdessavoie.fr\/?page_id=426"},"modified":"2023-07-26T23:14:24","modified_gmt":"2023-07-26T21:14:24","slug":"journee-defense-et-citoyennete","status":"publish","type":"page","link":"https:\/\/iefdessavoie.fr\/index.php\/journee-defense-et-citoyennete\/","title":{"rendered":"Journ\u00e9e D\u00e9fense et Citoyennet\u00e9"},"content":{"rendered":"\n<p class=\"has-text-align-center\"><strong>Qu&rsquo;est-ce que la Journ\u00e9e D\u00e9fense et Citoyennet\u00e9 ?<\/strong><\/p>\n\n\n\n<p>La JDC ou \u00ab&nbsp;journ\u00e9e d&rsquo;appel&nbsp;\u00bb est une journ\u00e9e d&rsquo;information et d&rsquo;enseignement que tout citoyen fran\u00e7ais suit apr\u00e8s s&rsquo;\u00eatre fait recenser \u00e0 16 ans. Le plus souvent, elle se d\u00e9roule au sein d&rsquo;un \u00e9tablissement scolaire. Les jeunes sont convoqu\u00e9s entre 8h et 9h et la journ\u00e9e se termine en fin d&rsquo;apr\u00e8s-midi. La JDC est obligatoire. Une fois effectu\u00e9e, vous obtiendrez une attestation qui vous permettra de vous inscrire aux examens fran\u00e7ais. Elle est n\u00e9cessaire, sans quoi vous ne pourrez passer ni votre bac, ni votre permis, ni aucun examen administratif fran\u00e7ais avant l&rsquo;\u00e2ge de 25 ans.<\/p>\n\n\n\n<p>Plusieurs temps sont pr\u00e9vus au cours de la journ\u00e9e.<\/p>\n\n\n\n<p>1. Des membres des diff\u00e9rents corps de l&rsquo;arm\u00e9e (air, terre, mer, pompiers de Paris, gendarmerie\u2026) renseignent les jeunes sur ce qu&rsquo;est la d\u00e9fense nationale en France, ses enjeux, ses objectifs, et sur les engagements possibles (r\u00e9serviste, m\u00e9tiers de l&rsquo;arm\u00e9e\u2026).<\/p>\n\n\n\n<p>2. Une partie de la JDC est consacr\u00e9e au civisme, avec la lecture de la charte des droits et devoirs du citoyen fran\u00e7ais.<\/p>\n\n\n\n<p>3. Enfin, la JDC comporte un volet de sensibilisation \u00e0 l&rsquo;\u00e9galit\u00e9 femme-homme et aux violences sexistes et sexuelles.<\/p>\n\n\n\n<p>Durant la journ\u00e9e, les jeunes passent un court test pour \u00e9valuer leur niveau de lecture et leur ma\u00eetrise des fondamentaux de la langue fran\u00e7aise. Un temps de sensibilisation \u00e0 la s\u00e9curit\u00e9 routi\u00e8re est pr\u00e9vu.<\/p>\n\n\n\n<p>Le repas de midi est fourni. Le d\u00e9placement jusqu&rsquo;au lieu de convocation donne droit \u00e0 une indemnisation, et le programme de la journ\u00e9e sera sp\u00e9cifi\u00e9 dans votre lettre de convocation.<\/p>\n\n\n\n<p>La JDC est avant tout une journ\u00e9e d&rsquo;information et de sensibilisation : aucune activit\u00e9 sportive particuli\u00e8re n&rsquo;est pr\u00e9vue. Il est possible de demander un report de sa JDC en cas d&rsquo;inaptitude temporaire ou d&#8217;emp\u00eachement le jour pr\u00e9vu par la convocation. Pour cela, il faudra \u00e9crire au <a href=\"https:\/\/www.defense.gouv.fr\/sga\/au-service-nation-du-public\/jeunesse\/devenir-citoyen\/journee-defense-citoyennete-jdc#title-11425\" target=\"_blank\" rel=\"noreferrer noopener\">Centre du Service National et de la Jeunesse <\/a>dont vous d\u00e9pendez.<\/p>\n\n\n\n<p>Situation de handicap : il est possible de demander \u00e0 \u00eatre exempt\u00e9 de la JDC.<\/p>\n\n\n\n<p>N.B. Il est possible d&rsquo;effectuer sa JDC jusqu&rsquo;\u00e0 25 ans. Une fois atteint cet \u00e2ge, l&rsquo;attestation de participation \u00e0 la JDC ne sera plus demand\u00e9e. Avant 25 ans en revanche, il vous sera impossible de passer votre bac, votre permis, ou n&rsquo;importe quel examen administratif fran\u00e7ais si vous n&rsquo;avez pas effectu\u00e9 votre JDC ou obtenu une d\u00e9rogation.<\/p>\n\n\n\n<p>Pour plus d&rsquo;informations g\u00e9n\u00e9rales, cliquez <a href=\"https:\/\/www.service-public.fr\/particuliers\/vosdroits\/F871\" target=\"_blank\" rel=\"noreferrer noopener\">ici<\/a>. Sur le recensement, <a rel=\"noreferrer noopener\" href=\"https:\/\/www.service-public.fr\/particuliers\/vosdroits\/F870\" target=\"_blank\">cliquez ici<\/a>. Sur la JDC, <a rel=\"noreferrer noopener\" href=\"https:\/\/presaje.sga.defense.gouv.fr\/faq\" target=\"_blank\">ici<\/a>.  <\/p>\n\n\n\n<p><br><\/p>\n\n\n\n<p class=\"has-text-align-center\"><strong>Le Service National Universel (SNU)<\/strong><\/p>\n\n\n\n<p>Depuis 2019, ceux qui souhaitent aller plus loin que la JDC peuvent effectuer un Service National Universel. Il s&rsquo;agit de b\u00e9n\u00e9ficier d&rsquo;une formation plus pouss\u00e9e \u00e0 la citoyennet\u00e9 et \u00e0 la d\u00e9fense nationale. Le Service National Universel se donne pour buts la promotion de l&rsquo;engagement citoyen aupr\u00e8s des jeunes, de favoriser le brassage social et de sensibiliser aux enjeux de s\u00e9curit\u00e9 nationale. Il est possible d&rsquo; y participer entre 15 et 17 ans.<\/p>\n\n\n\n<p>Pour le moment, le SNU est bas\u00e9 sur le volontariat et se d\u00e9roule en 3 phases. La 3e est facultative jusqu&rsquo;\u00e0 nouvel ordre. Mais si vous vous engagez dans le SNU, les deux premi\u00e8res sont obligatoires :<\/p>\n\n\n\n<p>1. Un s\u00e9jour de coh\u00e9sion de deux semaines, regroupant une centaine de jeunes et se d\u00e9roulant dans un autre d\u00e9partement que votre d\u00e9partement d&rsquo;origine.<\/p>\n\n\n\n<p>2. Une mission d&rsquo;int\u00e9r\u00eat g\u00e9n\u00e9ral de 84h minimum \u00e0 effectuer dans l&rsquo;ann\u00e9e qui suit le s\u00e9jour de coh\u00e9sion. Elle peut \u00eatre effectu\u00e9e dans des domaines vari\u00e9s : sport, sant\u00e9, \u00e9ducation, solidarit\u00e9, etc.<\/p>\n\n\n\n<p>3. Un engagement volontaire de 3 mois minimum, qu&rsquo;il est possible d&rsquo;effectuer jusqu&rsquo;\u00e0 ses 25 ans. Par exemple, un service civique ou du volontariat.<\/p>\n\n\n\n<p>Pour plus d&rsquo;informations : <a href=\"https:\/\/www.snu.gouv.fr\/\">https:\/\/www.snu.gouv.fr\/<\/a><\/p>\n","protected":false},"excerpt":{"rendered":"<p>Qu&rsquo;est-ce que la Journ\u00e9e D\u00e9fense et Citoyennet\u00e9 ? La JDC ou \u00ab&nbsp;journ\u00e9e d&rsquo;appel&nbsp;\u00bb est une journ\u00e9e d&rsquo;information et d&rsquo;enseignement que tout citoyen fran\u00e7ais suit apr\u00e8s s&rsquo;\u00eatre fait recenser \u00e0 16 ans. Le plus souvent, elle se d\u00e9roule au sein d&rsquo;un \u00e9tablissement scolaire. Les jeunes sont convoqu\u00e9s entre 8h et 9h et la journ\u00e9e se termine&#8230;<\/p>\n","protected":false},"author":4,"featured_media":0,"parent":0,"menu_order":0,"comment_status":"closed","ping_status":"closed","template":"","meta":{"footnotes":""},"class_list":["post-426","page","type-page","status-publish","hentry"],"jetpack_sharing_enabled":true,"_links":{"self":[{"href":"https:\/\/iefdessavoie.fr\/index.php\/wp-json\/wp\/v2\/pages\/426","targetHints":{"allow":["GET"]}}],"collection":[{"href":"https:\/\/iefdessavoie.fr\/index.php\/wp-json\/wp\/v2\/pages"}],"about":[{"href":"https:\/\/iefdessavoie.fr\/index.php\/wp-json\/wp\/v2\/types\/page"}],"author":[{"embeddable":true,"href":"https:\/\/iefdessavoie.fr\/index.php\/wp-json\/wp\/v2\/users\/4"}],"replies":[{"embeddable":true,"href":"https:\/\/iefdessavoie.fr\/index.php\/wp-json\/wp\/v2\/comments?post=426"}],"version-history":[{"count":0,"href":"https:\/\/iefdessavoie.fr\/index.php\/wp-json\/wp\/v2\/pages\/426\/revisions"}],"wp:attachment":[{"href":"https:\/\/iefdessavoie.fr\/index.php\/wp-json\/wp\/v2\/media?parent=426"}],"curies":[{"name":"wp","href":"https:\/\/api.w.org\/{rel}","templated":true}]}}