{"id":103,"date":"2021-08-15T16:01:23","date_gmt":"2021-08-15T14:01:23","guid":{"rendered":"https:\/\/iefdessavoie.fr\/?page_id=103"},"modified":"2026-02-06T07:12:44","modified_gmt":"2026-02-06T07:12:44","slug":"accueil","status":"publish","type":"page","link":"https:\/\/iefdessavoie.fr\/","title":{"rendered":"Accueil"},"content":{"rendered":"<div class=\"wp-block-image\">\n<figure class=\"aligncenter size-large is-resized\"><img loading=\"lazy\" decoding=\"async\" width=\"700\" height=\"194\" src=\"https:\/\/iefdessavoie.fr\/wp-content\/uploads\/2026\/01\/cropped-cropped-Enfants-jouant-au-soleil_IEF-1-700x194.png\" alt=\"\" class=\"wp-image-673\" style=\"aspect-ratio:3.608279270929873;object-fit:cover;width:730px;height:auto\" srcset=\"https:\/\/iefdessavoie.fr\/wp-content\/uploads\/2026\/01\/cropped-cropped-Enfants-jouant-au-soleil_IEF-1-700x194.png 700w, https:\/\/iefdessavoie.fr\/wp-content\/uploads\/2026\/01\/cropped-cropped-Enfants-jouant-au-soleil_IEF-1-300x83.png 300w, https:\/\/iefdessavoie.fr\/wp-content\/uploads\/2026\/01\/cropped-cropped-Enfants-jouant-au-soleil_IEF-1-768x213.png 768w, https:\/\/iefdessavoie.fr\/wp-content\/uploads\/2026\/01\/cropped-cropped-Enfants-jouant-au-soleil_IEF-1-800x222.png 800w, https:\/\/iefdessavoie.fr\/wp-content\/uploads\/2026\/01\/cropped-cropped-Enfants-jouant-au-soleil_IEF-1.png 1260w\" sizes=\"auto, (max-width: 700px) 100vw, 700px\" \/><\/figure>\n<\/div>\n\n\n<p><\/p>\n\n\n\n<p><\/p>\n\n\n\n<blockquote class=\"wp-block-quote is-layout-flow wp-block-quote-is-layout-flow\">\n<p class=\"has-text-align-center has-medium-font-size\"><strong>\u00ab\u00a0La mani\u00e8re dont tu plantes un arbre, c&rsquo;est ainsi qu&rsquo;il poussera. Il en est de m\u00eame pour l&rsquo;\u00e9ducation d&rsquo;un enfant\u00a0\u00bb. <em>Liroy Amh\u00e8s-Kom<\/em><\/strong><\/p>\n<\/blockquote>\n","protected":false},"excerpt":{"rendered":"<p>\u00ab\u00a0La mani\u00e8re dont tu plantes un arbre, c&rsquo;est ainsi qu&rsquo;il poussera. Il en est de m\u00eame pour l&rsquo;\u00e9ducation d&rsquo;un enfant\u00a0\u00bb. Liroy Amh\u00e8s-Kom<\/p>\n","protected":false},"author":2,"featured_media":0,"parent":0,"menu_order":0,"comment_status":"closed","ping_status":"closed","template":"nosidebar.php","meta":{"footnotes":""},"class_list":["post-103","page","type-page","status-publish","hentry"],"jetpack_sharing_enabled":false,"_links":{"self":[{"href":"https:\/\/iefdessavoie.fr\/index.php\/wp-json\/wp\/v2\/pages\/103","targetHints":{"allow":["GET"]}}],"collection":[{"href":"https:\/\/iefdessavoie.fr\/index.php\/wp-json\/wp\/v2\/pages"}],"about":[{"href":"https:\/\/iefdessavoie.fr\/index.php\/wp-json\/wp\/v2\/types\/page"}],"author":[{"embeddable":true,"href":"https:\/\/iefdessavoie.fr\/index.php\/wp-json\/wp\/v2\/users\/2"}],"replies":[{"embeddable":true,"href":"https:\/\/iefdessavoie.fr\/index.php\/wp-json\/wp\/v2\/comments?post=103"}],"version-history":[{"count":9,"href":"https:\/\/iefdessavoie.fr\/index.php\/wp-json\/wp\/v2\/pages\/103\/revisions"}],"predecessor-version":[{"id":763,"href":"https:\/\/iefdessavoie.fr\/index.php\/wp-json\/wp\/v2\/pages\/103\/revisions\/763"}],"wp:attachment":[{"href":"https:\/\/iefdessavoie.fr\/index.php\/wp-json\/wp\/v2\/media?parent=103"}],"curies":[{"name":"wp","href":"https:\/\/api.w.org\/{rel}","templated":true}]}}